{"id":802,"date":"2021-12-28T08:51:18","date_gmt":"2021-12-28T07:51:18","guid":{"rendered":"http:\/\/slbpathfinder.com\/?page_id=802"},"modified":"2021-12-28T09:09:30","modified_gmt":"2021-12-28T08:09:30","slug":"802-2","status":"publish","type":"page","link":"http:\/\/slbpathfinder.com\/index.php\/802-2\/","title":{"rendered":"Formations et certifications"},"content":{"rendered":"<p><strong>Pendant ma\u00a0carri\u00e8re chez Mars :<\/strong><\/p>\n<ul>\n<li>Multiples formations Line manager- Formation &#8220;High performing team&#8221;<\/li>\n<li>Executive coaching<\/li>\n<li>Formation CCL : Leading from the Top<\/li>\n<li>Formation Vuca<\/li>\n<\/ul>\n<p><strong>Depuis la creation de SLB Pathfinder :<\/strong><\/p>\n<p>J&#8217;ai \u00e9t\u00e9 certifier MBTI en d\u00e9cembre 2021<\/p>\n<p><img loading=\"lazy\" class=\"alignnone wp-image-793\" src=\"http:\/\/wqigzzk.cluster028.hosting.ovh.net\/wp-content\/uploads\/2021\/12\/MBTI_Certified_logo_English-300x297.png\" alt=\"\" width=\"131\" height=\"129\" srcset=\"http:\/\/wqigzzk.cluster028.hosting.ovh.net\/wp-content\/uploads\/2021\/12\/MBTI_Certified_logo_English-300x297.png 300w, http:\/\/wqigzzk.cluster028.hosting.ovh.net\/wp-content\/uploads\/2021\/12\/MBTI_Certified_logo_English-303x300.png 303w, http:\/\/wqigzzk.cluster028.hosting.ovh.net\/wp-content\/uploads\/2021\/12\/MBTI_Certified_logo_English.png 363w\" sizes=\"(max-width: 131px) 100vw, 131px\" \/><\/p>\n<p>Je participe actuellement au programme de formation &#8220;certificat executive coaching&#8221; de l&#8217;universit\u00e9 de Paris Dauphine (fin en septembre 2022)<\/p>\n<p><a href=\"https:\/\/executive-education.dauphine.psl.eu\/formations\/certificat\/executive-coaching-individuel-dirigeants-managers\">https:\/\/executive-education.dauphine.psl.eu\/formations\/certificat\/executive-coaching-individuel-dirigeants-managers<\/a><\/p>\n","protected":false},"excerpt":{"rendered":"<p>Pendant ma\u00a0carri\u00e8re chez Mars : Multiples formations Line manager- Formation &#8220;High performing team&#8221; Executive coaching Formation CCL : Leading from the Top Formation Vuca Depuis &hellip;<\/p>\n","protected":false},"author":1,"featured_media":801,"parent":0,"menu_order":0,"comment_status":"closed","ping_status":"closed","template":"","meta":{"_monsterinsights_skip_tracking":false,"_monsterinsights_sitenote_active":false,"_monsterinsights_sitenote_note":"","_monsterinsights_sitenote_category":0},"_links":{"self":[{"href":"http:\/\/slbpathfinder.com\/index.php\/wp-json\/wp\/v2\/pages\/802"}],"collection":[{"href":"http:\/\/slbpathfinder.com\/index.php\/wp-json\/wp\/v2\/pages"}],"about":[{"href":"http:\/\/slbpathfinder.com\/index.php\/wp-json\/wp\/v2\/types\/page"}],"author":[{"embeddable":true,"href":"http:\/\/slbpathfinder.com\/index.php\/wp-json\/wp\/v2\/users\/1"}],"replies":[{"embeddable":true,"href":"http:\/\/slbpathfinder.com\/index.php\/wp-json\/wp\/v2\/comments?post=802"}],"version-history":[{"count":5,"href":"http:\/\/slbpathfinder.com\/index.php\/wp-json\/wp\/v2\/pages\/802\/revisions"}],"predecessor-version":[{"id":805,"href":"http:\/\/slbpathfinder.com\/index.php\/wp-json\/wp\/v2\/pages\/802\/revisions\/805"}],"wp:featuredmedia":[{"embeddable":true,"href":"http:\/\/slbpathfinder.com\/index.php\/wp-json\/wp\/v2\/media\/801"}],"wp:attachment":[{"href":"http:\/\/slbpathfinder.com\/index.php\/wp-json\/wp\/v2\/media?parent=802"}],"curies":[{"name":"wp","href":"https:\/\/api.w.org\/{rel}","templated":true}]}}