{"id":583,"date":"2021-10-11T10:34:44","date_gmt":"2021-10-11T08:34:44","guid":{"rendered":"http:\/\/slbpathfinder.com\/?page_id=583"},"modified":"2022-02-28T12:31:06","modified_gmt":"2022-02-28T11:31:06","slug":"pourquoi-choisir-le-mentorat","status":"publish","type":"page","link":"http:\/\/slbpathfinder.com\/index.php\/pourquoi-choisir-le-mentorat\/","title":{"rendered":"Ma vision personnelle du coaching ?"},"content":{"rendered":"<p>Le coach est un \u00ab\u00a0catalyseur\u00a0\u00bb, son r\u00f4le est d\u2019accompagner le coach\u00e9 \u00e0 mieux r\u00e9aliser son potentiel et le mettre en \u0153uvre dans l\u2019organisation. La d\u00e9marche de coaching s\u2019inscrit au service de r\u00e9sultats tangibles pour le coach\u00e9 et l\u2019entreprise.<\/p>\n<p>Pour cela le coach ancrera sa d\u00e9marche dans le pr\u00e9sent pour permettre au coach\u00e9 de mobiliser ses ressources et ses talents pr\u00e9-existants (au niveau personnel, organisationnel ou contextuel). Le coach s\u2019appuiera sur une approche de coaching cognitif et le comportemental, afin d\u2019aider le coach\u00e9 \u00e0 flexibiliser ses croyances limitantes ou ses pens\u00e9es automatiques non-aidantes<\/p>\n<p>J\u2019adopte une posture de coach visant \u00e0 permettre au coach\u00e9 de d\u00e9velopper ses comp\u00e9tences (et le rendre autonome) de fa\u00e7on \u00e0 lui permettre d\u2019atteindre un ou plusieurs objectifs professionnels<\/p>\n<p>Les outils apport\u00e9s dans les s\u00e9ances seront choisis en fonction du contexte particulier du coach\u00e9 et issus principalement<\/p>\n<p>&#8211;\u00a0\u00a0\u00a0\u00a0\u00a0\u00a0 Des outils de coaching cognitif et comportemental (parcours de formation executive coaching Dauphine) &#8211; Ex Flexibilisation des pens\u00e9es limitantes, Effectuation , Dilt, etc..<\/p>\n<p>&#8211;\u00a0\u00a0\u00a0\u00a0\u00a0\u00a0 D\u2019outils choisis de d\u00e9veloppement personnel et d\u2019\u00e9quipe (acquis lors de mon parcours de leadership chez Mars) &#8211; Ex\u00a0: leadership situationnel, SBI feedback etc\u2026Ces outils sont proche de l&#8217;univers du mentorat mais seront toujours utilis\u00e9s avec une claire posture de coach : propos\u00e9s au coaches pour son appropriation \u00e9ventuelle<\/p>\n<p>&nbsp;<\/p>\n<p><img loading=\"lazy\" class=\" wp-image-848 aligncenter\" src=\"http:\/\/wqigzzk.cluster028.hosting.ovh.net\/wp-content\/uploads\/2022\/02\/Image-JPEG-D7F081FA125D-1-1-300x247.jpeg\" alt=\"\" width=\"352\" height=\"290\" srcset=\"http:\/\/wqigzzk.cluster028.hosting.ovh.net\/wp-content\/uploads\/2022\/02\/Image-JPEG-D7F081FA125D-1-1-300x247.jpeg 300w, http:\/\/wqigzzk.cluster028.hosting.ovh.net\/wp-content\/uploads\/2022\/02\/Image-JPEG-D7F081FA125D-1-1-1024x843.jpeg 1024w, http:\/\/wqigzzk.cluster028.hosting.ovh.net\/wp-content\/uploads\/2022\/02\/Image-JPEG-D7F081FA125D-1-1-768x632.jpeg 768w, http:\/\/wqigzzk.cluster028.hosting.ovh.net\/wp-content\/uploads\/2022\/02\/Image-JPEG-D7F081FA125D-1-1-1536x1265.jpeg 1536w, http:\/\/wqigzzk.cluster028.hosting.ovh.net\/wp-content\/uploads\/2022\/02\/Image-JPEG-D7F081FA125D-1-1-364x300.jpeg 364w, http:\/\/wqigzzk.cluster028.hosting.ovh.net\/wp-content\/uploads\/2022\/02\/Image-JPEG-D7F081FA125D-1-1.jpeg 2026w\" sizes=\"(max-width: 352px) 100vw, 352px\" \/><\/p>\n<p>&nbsp;<\/p>\n<p>&nbsp;<\/p>\n","protected":false},"excerpt":{"rendered":"<p>Le coach est un \u00ab\u00a0catalyseur\u00a0\u00bb, son r\u00f4le est d\u2019accompagner le coach\u00e9 \u00e0 mieux r\u00e9aliser son potentiel et le mettre en \u0153uvre dans l\u2019organisation. La d\u00e9marche &hellip;<\/p>\n","protected":false},"author":1,"featured_media":0,"parent":0,"menu_order":0,"comment_status":"closed","ping_status":"closed","template":"","meta":{"_monsterinsights_skip_tracking":false,"_monsterinsights_sitenote_active":false,"_monsterinsights_sitenote_note":"","_monsterinsights_sitenote_category":0},"_links":{"self":[{"href":"http:\/\/slbpathfinder.com\/index.php\/wp-json\/wp\/v2\/pages\/583"}],"collection":[{"href":"http:\/\/slbpathfinder.com\/index.php\/wp-json\/wp\/v2\/pages"}],"about":[{"href":"http:\/\/slbpathfinder.com\/index.php\/wp-json\/wp\/v2\/types\/page"}],"author":[{"embeddable":true,"href":"http:\/\/slbpathfinder.com\/index.php\/wp-json\/wp\/v2\/users\/1"}],"replies":[{"embeddable":true,"href":"http:\/\/slbpathfinder.com\/index.php\/wp-json\/wp\/v2\/comments?post=583"}],"version-history":[{"count":14,"href":"http:\/\/slbpathfinder.com\/index.php\/wp-json\/wp\/v2\/pages\/583\/revisions"}],"predecessor-version":[{"id":849,"href":"http:\/\/slbpathfinder.com\/index.php\/wp-json\/wp\/v2\/pages\/583\/revisions\/849"}],"wp:attachment":[{"href":"http:\/\/slbpathfinder.com\/index.php\/wp-json\/wp\/v2\/media?parent=583"}],"curies":[{"name":"wp","href":"https:\/\/api.w.org\/{rel}","templated":true}]}}