{"id":495,"date":"2021-09-22T15:01:01","date_gmt":"2021-09-22T13:01:01","guid":{"rendered":"http:\/\/slbpathfinder.com\/?page_id=495"},"modified":"2021-10-12T16:22:53","modified_gmt":"2021-10-12T14:22:53","slug":"valeurs","status":"publish","type":"page","link":"http:\/\/slbpathfinder.com\/index.php\/valeurs\/","title":{"rendered":"Mes valeurs"},"content":{"rendered":"<p>Mes valeurs profondes sont l\u2019h\u00e9ritage de mon histoire personnelle et familiale . J\u2019ai \u00e9t\u00e9 \u00e9lev\u00e9e dans une famille simple, majoritairement enseignants et fonctionnaires. J\u2019ai appris l\u2019importance d\u2019\u00eatre responsable, d\u2019abord de soi-m\u00eame et de travailler pour grimper l\u2019\u00e9chelle sociale. J\u2019ai aussi compris l\u2019importance des connaissances et la responsabilit\u00e9 attach\u00e9e \u00e0 n\u2019importe quelle position de pouvoir. Tout ceci a \u00e9t\u00e9 un moteur positif important de ma vie professionnelle. Pour autant, j&#8217;accorde une grande importance \u00e0 respecter les opinions diff\u00e9rentes et continuer \u00e0 enrichir mes propres exp\u00e9riences et croyances.<\/p>\n<p>Mes 4 mantras :<\/p>\n<ol>\n<li>Courage : Assumer la responsabilit\u00e9, affronter la v\u00e9rit\u00e9 et la communiquer avec bienveillance<\/li>\n<li>Diversit\u00e9 : accueillir le pouvoir et la richesse de la diversit\u00e9 et de l\u2019intelligence collective<\/li>\n<li>\u00catre exigeant : Jamais complaisant, faire un petit peu mieux chaque jour<\/li>\n<li>Apprendre : \u00catre curieux, apprendre de ses succ\u00e8s et de ses erreurs<\/li>\n<\/ol>\n<p>Je crois \u00e0 la possibilit\u00e9 d\u2019\u00eatre un peu meilleur chaque jour et de continuer sans cesse \u00e0 chercher \u00e0 progresser . Mon ambition est de contribuer \u00e0 cr\u00e9er de meilleurs lendemains pour les gens autour de moi. C\u2019est pourquoi j\u2019ai choisi de prendre ce tournant professionnel si signifiant pour moi, pour me consacrer enti\u00e8rement \u00e0 mentorer et d\u00e9velopper les leaders de demain.<\/p>\n<blockquote class=\"wp-embedded-content\" data-secret=\"kKTqEw704e\"><p><a href=\"http:\/\/slbpathfinder.com\/index.php\/ma-carriere\/\">Ma carri\u00e8re<\/a><\/p><\/blockquote>\n<p><iframe class=\"wp-embedded-content\" sandbox=\"allow-scripts\" security=\"restricted\" style=\"position: absolute; clip: rect(1px, 1px, 1px, 1px);\" title=\"&#8220;Ma carri\u00e8re&#8221; &#8212; SLB pathfinder\" src=\"http:\/\/slbpathfinder.com\/index.php\/ma-carriere\/embed\/#?secret=kKTqEw704e\" data-secret=\"kKTqEw704e\" width=\"600\" height=\"338\" frameborder=\"0\" marginwidth=\"0\" marginheight=\"0\" scrolling=\"no\"><\/iframe><\/p>\n","protected":false},"excerpt":{"rendered":"<p>Mes valeurs profondes sont l\u2019h\u00e9ritage de mon histoire personnelle et familiale . J\u2019ai \u00e9t\u00e9 \u00e9lev\u00e9e dans une famille simple, majoritairement enseignants et fonctionnaires. J\u2019ai appris &hellip;<\/p>\n","protected":false},"author":1,"featured_media":507,"parent":0,"menu_order":0,"comment_status":"closed","ping_status":"closed","template":"","meta":{"_monsterinsights_skip_tracking":false,"_monsterinsights_sitenote_active":false,"_monsterinsights_sitenote_note":"","_monsterinsights_sitenote_category":0},"_links":{"self":[{"href":"http:\/\/slbpathfinder.com\/index.php\/wp-json\/wp\/v2\/pages\/495"}],"collection":[{"href":"http:\/\/slbpathfinder.com\/index.php\/wp-json\/wp\/v2\/pages"}],"about":[{"href":"http:\/\/slbpathfinder.com\/index.php\/wp-json\/wp\/v2\/types\/page"}],"author":[{"embeddable":true,"href":"http:\/\/slbpathfinder.com\/index.php\/wp-json\/wp\/v2\/users\/1"}],"replies":[{"embeddable":true,"href":"http:\/\/slbpathfinder.com\/index.php\/wp-json\/wp\/v2\/comments?post=495"}],"version-history":[{"count":10,"href":"http:\/\/slbpathfinder.com\/index.php\/wp-json\/wp\/v2\/pages\/495\/revisions"}],"predecessor-version":[{"id":743,"href":"http:\/\/slbpathfinder.com\/index.php\/wp-json\/wp\/v2\/pages\/495\/revisions\/743"}],"wp:featuredmedia":[{"embeddable":true,"href":"http:\/\/slbpathfinder.com\/index.php\/wp-json\/wp\/v2\/media\/507"}],"wp:attachment":[{"href":"http:\/\/slbpathfinder.com\/index.php\/wp-json\/wp\/v2\/media?parent=495"}],"curies":[{"name":"wp","href":"https:\/\/api.w.org\/{rel}","templated":true}]}}