{"id":493,"date":"2021-09-22T15:00:34","date_gmt":"2021-09-22T13:00:34","guid":{"rendered":"http:\/\/slbpathfinder.com\/?page_id=493"},"modified":"2021-10-12T16:22:11","modified_gmt":"2021-10-12T14:22:11","slug":"experiences-slb","status":"publish","type":"page","link":"http:\/\/slbpathfinder.com\/index.php\/experiences-slb\/","title":{"rendered":"Mes exp\u00e9riences"},"content":{"rendered":"<p>Marketing et Ventes<\/p>\n<p>Direction g\u00e9n\u00e9rale &#8211; CeO<\/p>\n<p>Construction de comit\u00e9 de direction<\/p>\n<p>Responsabilit\u00e9 r\u00e9gionale \u2013 Directions strat\u00e9giques et allocation de ressources<\/p>\n<p>Strat\u00e9gie industrielle pour soutenir la croissance durable du business<\/p>\n<p>Grande distribution \u00a0&#8211; Restauration hors domicile \u2013 Circuits s\u00e9lectifs<\/p>\n<p>France , Italie, Europe Centrale , UK<\/p>\n<p>Caf\u00e9, l\u00e9gumes , conserves et surgel\u00e9s, produits de pommes de terre, pizzas , riz, sauce tomates, produits asiatiques, nourriture pour animaux de compagnie, chewing gum , confiserie de chocolat<\/p>\n<p>J\u2019ai commenc\u00e9 ma carriere en marketing en travaillant pour Kraft (pour les marques de caf\u00e9 comme Carte Noire, Grand M\u00e8re et Maxwell) , puis j\u2019ai poursuivi dans le marketing au sein de l\u2019entreprise Bonduelle (marques Cassegrain puis Bonduelle) \u00a0avant de rejoindre Mc Cain (produits de pommes de terre et pizzas). J\u2019ai ensuite commenc\u00e9 un second cursus dans les ventes cette fois en rejoignant Mars. J\u2019y suis devenue directrice des ventes pour le Petfood en France avant de prendre mon premier poste de Direction g\u00e9n\u00e9rale en prenant la responsabilit\u00e9 de la filiale Italienne . J\u2019ai ensuite dirig\u00e9 un cluster de pays en Europe Centrale (R\u00e9publique Tch\u00e8que, R\u00e9publique slovaque, Hongrie et Roumanie) . Apr\u00e8s le succ\u00e8s de la r\u00e9organisation de ce cluster j\u2019ai d\u00e9m\u00e9nag\u00e9 a Londres pour prendre la direction de L\u2019Europe pour la branche Food de mars, y compris les 8 usines rattach\u00e9es (Europe, Russie et Afrique du Sud).<\/p>\n<p>&nbsp;<\/p>\n<blockquote class=\"wp-embedded-content\" data-secret=\"SHMQqfNyO6\"><p><a href=\"http:\/\/slbpathfinder.com\/index.php\/valeurs\/\">Mes valeurs<\/a><\/p><\/blockquote>\n<p><iframe class=\"wp-embedded-content\" sandbox=\"allow-scripts\" security=\"restricted\" style=\"position: absolute; clip: rect(1px, 1px, 1px, 1px);\" title=\"&#8220;Mes valeurs&#8221; &#8212; SLB pathfinder\" src=\"http:\/\/slbpathfinder.com\/index.php\/valeurs\/embed\/#?secret=SHMQqfNyO6\" data-secret=\"SHMQqfNyO6\" width=\"600\" height=\"338\" frameborder=\"0\" marginwidth=\"0\" marginheight=\"0\" scrolling=\"no\"><\/iframe><\/p>\n","protected":false},"excerpt":{"rendered":"<p>Marketing et Ventes Direction g\u00e9n\u00e9rale &#8211; CeO Construction de comit\u00e9 de direction Responsabilit\u00e9 r\u00e9gionale \u2013 Directions strat\u00e9giques et allocation de ressources Strat\u00e9gie industrielle pour soutenir &hellip;<\/p>\n","protected":false},"author":1,"featured_media":504,"parent":0,"menu_order":0,"comment_status":"closed","ping_status":"closed","template":"","meta":{"_monsterinsights_skip_tracking":false,"_monsterinsights_sitenote_active":false,"_monsterinsights_sitenote_note":"","_monsterinsights_sitenote_category":0},"_links":{"self":[{"href":"http:\/\/slbpathfinder.com\/index.php\/wp-json\/wp\/v2\/pages\/493"}],"collection":[{"href":"http:\/\/slbpathfinder.com\/index.php\/wp-json\/wp\/v2\/pages"}],"about":[{"href":"http:\/\/slbpathfinder.com\/index.php\/wp-json\/wp\/v2\/types\/page"}],"author":[{"embeddable":true,"href":"http:\/\/slbpathfinder.com\/index.php\/wp-json\/wp\/v2\/users\/1"}],"replies":[{"embeddable":true,"href":"http:\/\/slbpathfinder.com\/index.php\/wp-json\/wp\/v2\/comments?post=493"}],"version-history":[{"count":10,"href":"http:\/\/slbpathfinder.com\/index.php\/wp-json\/wp\/v2\/pages\/493\/revisions"}],"predecessor-version":[{"id":742,"href":"http:\/\/slbpathfinder.com\/index.php\/wp-json\/wp\/v2\/pages\/493\/revisions\/742"}],"wp:featuredmedia":[{"embeddable":true,"href":"http:\/\/slbpathfinder.com\/index.php\/wp-json\/wp\/v2\/media\/504"}],"wp:attachment":[{"href":"http:\/\/slbpathfinder.com\/index.php\/wp-json\/wp\/v2\/media?parent=493"}],"curies":[{"name":"wp","href":"https:\/\/api.w.org\/{rel}","templated":true}]}}