{"id":409,"date":"2021-09-21T19:50:45","date_gmt":"2021-09-21T17:50:45","guid":{"rendered":"http:\/\/slbpathfinder.com\/?page_id=409"},"modified":"2022-02-28T12:02:57","modified_gmt":"2022-02-28T11:02:57","slug":"offre-de-mentoring","status":"publish","type":"page","link":"http:\/\/slbpathfinder.com\/index.php\/offre-de-mentoring\/","title":{"rendered":"Offre de Coaching et mentoring"},"content":{"rendered":"<h5><span style=\"color: #339966;\">\u00b7\u00a0\u00a0\u00a0\u00a0\u00a0\u00a0 <strong><u>1\/ Coaching dirigeants &#8211; \u00a0package<\/u><\/strong><\/span><\/h5>\n<p><strong><u>Contenu :<\/u><\/strong><\/p>\n<p>Session en t\u00eate \u00e0 t\u00eate- Package de 10 sessions<\/p>\n<p>Objectifs individuels, sp\u00e9cifiques et mesurables \u00a0\u2013 Contrat tripartite entre le coach, le mentee et la soci\u00e9t\u00e9<\/p>\n<p>suivi des progr\u00e8s session apr\u00e8s session<\/p>\n<p><strong><u>Pour quels besoins ? :<\/u><\/strong><\/p>\n<ul>\n<li>D\u00e9velopper ses competences et son efficacit\u00e9 personnelle<\/li>\n<li>Comprendre et surpasser ses croyances limitantes pour exploiter son plein potentiel<\/li>\n<li>Donner du sens &#8211; Alignement personnel<\/li>\n<li>D\u00e9finir et communiquer les enjeux strat\u00e9giques<\/li>\n<li>Engager et &#8220;empower&#8221; les \u00e9quipes<\/li>\n<li>G\u00e9rer les paradoxes et les injonctions contradictoires<\/li>\n<li>Management \u00a0intercultural<\/li>\n<li>D\u00e9passer les obstacles pour r\u00e9tablir son \u00e9quilibre personnel et professionnel<\/li>\n<li>Am\u00e9liorer sa communication et ses interactions<\/li>\n<li>D\u00e9velopper ses competences et son efficacit\u00e9 personnelle<\/li>\n<li>D\u00e9velopper la confiance en soi<\/li>\n<li>Obtenir du support face \u00e0 des d\u00e9fis professionnels ou personnels (par exemple lors d\u2019un transition importante : entr\u00e9e dans un comit\u00e9 de comex ou leadership team, promotion, changement de jobs ou de soci\u00e9t\u00e9 , etc\u2026)<\/li>\n<\/ul>\n<ul>\n<li style=\"list-style-type: none;\"><\/li>\n<\/ul>\n<p>&nbsp;<\/p>\n<h5><span style=\"color: #339966;\">\u00b7\u00a0\u00a0\u00a0\u00a0\u00a0\u00a0 <strong><u>2\/ Flash COACHING &#8211; Mentoring sessions<\/u><\/strong><\/span><\/h5>\n<p><strong><u>Contenu :<\/u><\/strong><\/p>\n<p>Sessions individuelles \u2013 1 \u00e0 3 sessions<\/p>\n<p><strong><u>Pour quels besoins \u00a0? :<\/u><\/strong><\/p>\n<ul>\n<li>Obtenir du support face \u00e0 des d\u00e9fis professionnels ponctuels<\/li>\n<\/ul>\n<h5>\u00b7<\/h5>\n<div class=\"wpforms-container wpforms-container-full\" id=\"wpforms-482\"><form id=\"wpforms-form-482\" class=\"wpforms-validate wpforms-form\" data-formid=\"482\" method=\"post\" enctype=\"multipart\/form-data\" action=\"\/index.php\/wp-json\/wp\/v2\/pages\/409\" data-token=\"5b7ba4ba917c9fe36fd327ec4d2ed8a3\"><noscript class=\"wpforms-error-noscript\">Please enable JavaScript in your browser to complete this form.<\/noscript><div class=\"wpforms-field-container\"><div id=\"wpforms-482-field_1-container\" class=\"wpforms-field wpforms-field-name\" data-field-id=\"1\"><label class=\"wpforms-field-label\" for=\"wpforms-482-field_1\">Nom <span class=\"wpforms-required-label\">*<\/span><\/label><input type=\"text\" id=\"wpforms-482-field_1\" class=\"wpforms-field-medium wpforms-field-required\" name=\"wpforms[fields][1]\" required><\/div><div id=\"wpforms-482-field_2-container\" class=\"wpforms-field wpforms-field-email\" data-field-id=\"2\"><label class=\"wpforms-field-label\" for=\"wpforms-482-field_2\">Email <span class=\"wpforms-required-label\">*<\/span><\/label><input type=\"email\" id=\"wpforms-482-field_2\" class=\"wpforms-field-medium wpforms-field-required\" name=\"wpforms[fields][2]\" required><\/div><div id=\"wpforms-482-field_3-container\" class=\"wpforms-field wpforms-field-number\" data-field-id=\"3\"><label class=\"wpforms-field-label\" for=\"wpforms-482-field_3\">Num\u00e9ro de t\u00e9l\u00e9phone<\/label><input type=\"number\" pattern=\"\\d*\" id=\"wpforms-482-field_3\" class=\"wpforms-field-medium\" name=\"wpforms[fields][3]\" ><\/div><div id=\"wpforms-482-field_4-container\" class=\"wpforms-field wpforms-field-radio\" data-field-id=\"4\"><label class=\"wpforms-field-label\" for=\"wpforms-482-field_4\">Votre demande<\/label><ul id=\"wpforms-482-field_4\"><li class=\"choice-1 depth-1\"><input type=\"radio\" id=\"wpforms-482-field_4_1\" name=\"wpforms[fields][4]\" value=\" package mentoring individuel\"  ><label class=\"wpforms-field-label-inline\" for=\"wpforms-482-field_4_1\"> package mentoring individuel<\/label><\/li><li class=\"choice-2 depth-1\"><input type=\"radio\" id=\"wpforms-482-field_4_2\" name=\"wpforms[fields][4]\" value=\"Mentoring flash\"  ><label class=\"wpforms-field-label-inline\" for=\"wpforms-482-field_4_2\">Mentoring flash<\/label><\/li><li class=\"choice-3 depth-1\"><input type=\"radio\" id=\"wpforms-482-field_4_3\" name=\"wpforms[fields][4]\" value=\"Mentoring circles\"  ><label class=\"wpforms-field-label-inline\" for=\"wpforms-482-field_4_3\">Mentoring circles<\/label><\/li><\/ul><\/div><div id=\"wpforms-482-field_5-container\" class=\"wpforms-field wpforms-field-textarea\" data-field-id=\"5\"><label class=\"wpforms-field-label\" for=\"wpforms-482-field_5\">Votre demande<\/label><textarea id=\"wpforms-482-field_5\" class=\"wpforms-field-medium\" name=\"wpforms[fields][5]\" ><\/textarea><\/div><\/div><div class=\"wpforms-submit-container\" ><input type=\"hidden\" name=\"wpforms[id]\" value=\"482\"><input type=\"hidden\" name=\"wpforms[author]\" value=\"1\"><button type=\"submit\" name=\"wpforms[submit]\" class=\"wpforms-submit \" id=\"wpforms-submit-482\" value=\"wpforms-submit\" aria-live=\"assertive\" >Submit<\/button><\/div><\/form><\/div>  <!-- .wpforms-container -->\n","protected":false},"excerpt":{"rendered":"<p>\u00b7\u00a0\u00a0\u00a0\u00a0\u00a0\u00a0 1\/ Coaching dirigeants &#8211; \u00a0package Contenu : Session en t\u00eate \u00e0 t\u00eate- Package de 10 sessions Objectifs individuels, sp\u00e9cifiques et mesurables \u00a0\u2013 Contrat tripartite &hellip;<\/p>\n","protected":false},"author":1,"featured_media":230,"parent":0,"menu_order":0,"comment_status":"closed","ping_status":"closed","template":"","meta":{"_monsterinsights_skip_tracking":false,"_monsterinsights_sitenote_active":false,"_monsterinsights_sitenote_note":"","_monsterinsights_sitenote_category":0},"_links":{"self":[{"href":"http:\/\/slbpathfinder.com\/index.php\/wp-json\/wp\/v2\/pages\/409"}],"collection":[{"href":"http:\/\/slbpathfinder.com\/index.php\/wp-json\/wp\/v2\/pages"}],"about":[{"href":"http:\/\/slbpathfinder.com\/index.php\/wp-json\/wp\/v2\/types\/page"}],"author":[{"embeddable":true,"href":"http:\/\/slbpathfinder.com\/index.php\/wp-json\/wp\/v2\/users\/1"}],"replies":[{"embeddable":true,"href":"http:\/\/slbpathfinder.com\/index.php\/wp-json\/wp\/v2\/comments?post=409"}],"version-history":[{"count":10,"href":"http:\/\/slbpathfinder.com\/index.php\/wp-json\/wp\/v2\/pages\/409\/revisions"}],"predecessor-version":[{"id":840,"href":"http:\/\/slbpathfinder.com\/index.php\/wp-json\/wp\/v2\/pages\/409\/revisions\/840"}],"wp:featuredmedia":[{"embeddable":true,"href":"http:\/\/slbpathfinder.com\/index.php\/wp-json\/wp\/v2\/media\/230"}],"wp:attachment":[{"href":"http:\/\/slbpathfinder.com\/index.php\/wp-json\/wp\/v2\/media?parent=409"}],"curies":[{"name":"wp","href":"https:\/\/api.w.org\/{rel}","templated":true}]}}